{"id":2782,"date":"2025-01-30T20:09:56","date_gmt":"2025-01-30T20:09:56","guid":{"rendered":"https:\/\/jakzachowaczdrowie.pl\/sobre-mi\/"},"modified":"2025-01-31T15:50:18","modified_gmt":"2025-01-31T15:50:18","slug":"sobre-mi","status":"publish","type":"page","link":"https:\/\/jakzachowaczdrowie.pl\/es\/sobre-mi\/","title":{"rendered":"Sobre m\u00ed"},"content":{"rendered":"<p>[et_pb_section fb_built=\u00bb1&#8243; admin_label=\u00bbHeader\u00bb _builder_version=\u00bb4.16&#8243; _module_preset=\u00bbdefault\u00bb background_color=\u00bb#FBF9F4&#8243; global_colors_info=\u00bb{}\u00bb][et_pb_row _builder_version=\u00bb4.16&#8243; _module_preset=\u00bbdefault\u00bb global_colors_info=\u00bb{}\u00bb][et_pb_column type=\u00bb4_4&#8243; _builder_version=\u00bb4.16&#8243; _module_preset=\u00bbdefault\u00bb global_colors_info=\u00bb{}\u00bb][et_pb_text _builder_version=\u00bb4.27.4&#8243; _module_preset=\u00bbe598b17a-9229-42f6-b238-019d6094332e\u00bb header_font=\u00bbVidaloka||||||||\u00bb header_text_align=\u00bbcenter\u00bb header_text_color=\u00bb#161616&#8243; header_font_size=\u00bb60px\u00bb header_line_height=\u00bb1.15em\u00bb custom_margin=\u00bb||-1px||false|false\u00bb header_font_size_tablet=\u00bb40px\u00bb header_font_size_phone=\u00bb24px\u00bb header_font_size_last_edited=\u00bbon|desktop\u00bb locked=\u00bboff\u00bb global_colors_info=\u00bb{}\u00bb]<\/p>\n<h1>Sobre m\u00ed<\/h1>\n<p>[\/et_pb_text][et_pb_text _builder_version=\u00bb4.27.4&#8243; _module_preset=\u00bb7262e956-c376-4aa6-9642-c413f71527d0&#8243; text_line_height=\u00bb1.8em\u00bb text_orientation=\u00bbcenter\u00bb max_width=\u00bb800px\u00bb module_alignment=\u00bbcenter\u00bb hover_enabled=\u00bb0&#8243; text_font_size_tablet=\u00bb\u00bb text_font_size_phone=\u00bb13px\u00bb text_font_size_last_edited=\u00bbon|phone\u00bb header_font_size_tablet=\u00bb55px\u00bb header_font_size_last_edited=\u00bboff|desktop\u00bb locked=\u00bboff\u00bb global_colors_info=\u00bb{}\u00bb sticky_enabled=\u00bb0&#8243;]<\/p>\n<div class=\"et_pb_column et_pb_column_1_2 et_pb_column_3 et_pb_css_mix_blend_mode_passthrough\">\n<div class=\"et_pb_module et_pb_text et_pb_text_3 et_pb_text_align_left et_pb_bg_layout_light\">\n<div class=\"et_pb_text_inner\">\n<p>Me licenci\u00e9 en Geolog\u00eda con especializaci\u00f3n en Geoqu\u00edmica y Mineralog\u00eda. Llevo a\u00f1os trabajando con gr\u00e1ficos por ordenador y he realizado cursos relacionados con el dise\u00f1o web y gr\u00e1fico, incluido un curso de un a\u00f1o sobre gr\u00e1ficos por ordenador en una de las universidades t\u00e9cnicas de Polonia. Creo el sitio web del blog por mi cuenta. Fui cofundadora de Alfaton, una editorial especializada en m\u00fasica de relajaci\u00f3n, grabaciones motivacionales y libros, con la que trabaj\u00e9 durante muchos a\u00f1os.   <\/p>\n<\/div>\n<\/div>\n<\/div>\n<div class=\"et_pb_column et_pb_column_1_2 et_pb_column_4 et_pb_css_mix_blend_mode_passthrough et-last-child\">\n<div class=\"et_pb_module et_pb_text et_pb_text_4 et_pb_text_align_left et_pb_bg_layout_light\">\n<div class=\"et_pb_text_inner\">\n<p>Particip\u00e9 en uno de los primeros cursos de recuperaci\u00f3n de informaci\u00f3n a trav\u00e9s de Internet en Polonia, patrocinado por la Agencia de Estados Unidos para el Desarrollo Internacional (US AID). Anteriormente hab\u00eda trabajado en una empresa que ayudaba a organizar estos cursos de formaci\u00f3n. Desde entonces, he intentado aprovechar las ventajas que nos ofrece el acceso a la World Wide Web y a las plataformas de los medios sociales.  <\/p>\n<p>Realic\u00e9 cursos que me aportaron conocimientos b\u00e1sicos y me permitieron comprender mejor los mecanismos relacionados con los efectos del movimiento en el ser humano, incluido el 1er nivel del curso de <strong>Integraci\u00f3n Sensorial<\/strong>, mi falta de formaci\u00f3n pedag\u00f3gica no me permiti\u00f3 continuar mi formaci\u00f3n y convertirme en terapeuta, pero los conocimientos cognitivos b\u00e1sicos de este m\u00e9todo que recib\u00ed me resultaron muy valiosos. Tambi\u00e9n realic\u00e9 un curso b\u00e1sico de terapia <strong>del M\u00e9todo Sherborne de Ver\u00f3nica.<\/strong> <\/p>\n<\/div>\n<\/div>\n<\/div>\n<p>[\/et_pb_text][\/et_pb_column][\/et_pb_row][\/et_pb_section][et_pb_section fb_built=\u00bb1&#8243; admin_label=\u00bbAbout\u00bb _builder_version=\u00bb4.16&#8243; _module_preset=\u00bbdefault\u00bb background_color=\u00bb#FBF9F4&#8243; custom_padding=\u00bb0px||||false|false\u00bb global_colors_info=\u00bb{}\u00bb][et_pb_row column_structure=\u00bb1_2,1_2&#8243; custom_padding_last_edited=\u00bbon|phone\u00bb _builder_version=\u00bb4.16&#8243; _module_preset=\u00bbdefault\u00bb background_enable_color=\u00bboff\u00bb custom_padding=\u00bb0px|60px|0px|60px|true|true\u00bb custom_padding_tablet=\u00bb|0px||0px|true|true\u00bb custom_padding_phone=\u00bb||||true|false\u00bb global_colors_info=\u00bb{}\u00bb][et_pb_column type=\u00bb1_2&#8243; _builder_version=\u00bb4.16&#8243; _module_preset=\u00bbdefault\u00bb global_colors_info=\u00bb{}\u00bb][et_pb_image src=\u00bbhttps:\/\/jakzachowaczdrowie.pl\/wp-content\/uploads\/2025\/01\/474930126_1502494310418822_254588872351270725_n.jpg\u00bb title_text=\u00bb474930126_1502494310418822_254588872351270725_n\u00bb _builder_version=\u00bb4.27.4&#8243; _module_preset=\u00bbdefault\u00bb module_alignment_tablet=\u00bbcenter\u00bb module_alignment_last_edited=\u00bboff|desktop\u00bb global_colors_info=\u00bb{}\u00bb][\/et_pb_image][\/et_pb_column][et_pb_column type=\u00bb1_2&#8243; _builder_version=\u00bb4.16&#8243; _module_preset=\u00bbdefault\u00bb background_color=\u00bb#e3e1dd\u00bb transform_scale_tablet=\u00bb\u00bb transform_scale_phone=\u00bb\u00bb transform_scale_last_edited=\u00bbon|desktop\u00bb transform_translate=\u00bb-80px|80px\u00bb transform_translate_tablet=\u00bb0px|0px\u00bb transform_translate_phone=\u00bb\u00bb transform_translate_last_edited=\u00bbon|phone\u00bb transform_translate_linked=\u00bboff\u00bb transform_rotate_tablet=\u00bb\u00bb transform_rotate_phone=\u00bb\u00bb transform_rotate_last_edited=\u00bbon|desktop\u00bb transform_skew_tablet=\u00bb\u00bb transform_skew_phone=\u00bb\u00bb transform_skew_last_edited=\u00bbon|desktop\u00bb transform_origin_tablet=\u00bb\u00bb transform_origin_phone=\u00bb\u00bb transform_origin_last_edited=\u00bbon|desktop\u00bb transform_styles_last_edited=\u00bbon|phone\u00bb custom_padding=\u00bb40px|40px|40px|40px|true|true\u00bb custom_padding_tablet=\u00bb30px|30px|30px|30px|true|true\u00bb custom_padding_phone=\u00bb20px|20px|20px|20px|true|true\u00bb custom_padding_last_edited=\u00bbon|phone\u00bb transform_styles_tablet=\u00bb\u00bb transform_styles_phone=\u00bb\u00bb global_colors_info=\u00bb{}\u00bb][et_pb_text _builder_version=\u00bb4.27.4&#8243; _module_preset=\u00bb003e9429-8e11-4d9e-968b-8881092bbf81&#8243; header_2_font=\u00bbVidaloka||||||||\u00bb header_2_text_color=\u00bb#161616&#8243; header_2_font_size=\u00bb40px\u00bb header_2_line_height=\u00bb1.35em\u00bb header_2_font_size_tablet=\u00bb30px\u00bb header_2_font_size_phone=\u00bb20px\u00bb header_2_font_size_last_edited=\u00bbon|desktop\u00bb locked=\u00bboff\u00bb global_colors_info=\u00bb{}\u00bb]<\/p>\n<h2>\u00bfQu\u00e9 me hace feliz?<\/h2>\n<p>[\/et_pb_text][et_pb_text _builder_version=\u00bb4.27.4&#8243; _module_preset=\u00bb7262e956-c376-4aa6-9642-c413f71527d0&#8243; text_line_height=\u00bb1.8em\u00bb text_font_size_tablet=\u00bb\u00bb text_font_size_phone=\u00bb13px\u00bb text_font_size_last_edited=\u00bbon|phone\u00bb header_font_size_tablet=\u00bb55px\u00bb header_font_size_last_edited=\u00bboff|desktop\u00bb locked=\u00bboff\u00bb global_colors_info=\u00bb{}\u00bb]<\/p>\n<p>Intento mantenerme activa. Antes practicaba deportes de combate y ahora corro, nado y hago yoga.  Hago fotograf\u00edas de aficionado, lo que me permite conservar im\u00e1genes de lugares hermosos y acontecimientos interesantes. Soy madre de dos hijos. Me encanta viajar. La m\u00fasica, la cultura, las costumbres, la cocina: estos son los elementos que llego a conocer captando momentos fugaces a trav\u00e9s de la fotograf\u00eda. Disfruto mucho viajando por Polonia, llegando a lugares m\u00e1s y menos conocidos.<br \/>A veces simplemente busco el contacto con la naturaleza, saliendo de la ciudad. La m\u00fasica sigue siendo muy importante en mi vida, busco constantemente inspiraci\u00f3n musical y disfruto escuchando m\u00fasica. Me gusta ir a conciertos y experimentar la m\u00fasica \u00aben directo\u00bb. Los conciertos ofrecen un descanso de la rutina diaria y del estr\u00e9s.      <\/p>\n<p>[\/et_pb_text][et_pb_button button_url=\u00bbhttps:\/\/jakzachowaczdrowie.pl\/category\/blog\/\u00bb button_text=\u00bbBlog\u00bb _builder_version=\u00bb4.27.4&#8243; _module_preset=\u00bbcefaa07f-9636-40fe-a939-2a0ccdc332c6&#8243; custom_button=\u00bbon\u00bb button_text_size=\u00bb18px\u00bb button_text_color=\u00bb#FFFFFF\u00bb button_bg_color=\u00bb#161616&#8243; button_border_width=\u00bb0px\u00bb button_border_radius=\u00bb0px\u00bb button_font=\u00bbVidaloka||||||||\u00bb custom_padding=\u00bb10px||10px||true|false\u00bb button_text_size_tablet=\u00bb17px\u00bb button_text_size_phone=\u00bb16px\u00bb button_text_size_last_edited=\u00bbon|desktop\u00bb global_colors_info=\u00bb{}\u00bb][\/et_pb_button][\/et_pb_column][\/et_pb_row][et_pb_row column_structure=\u00bb1_4,1_4,1_4,1_4&#8243; use_custom_gutter=\u00bbon\u00bb gutter_width=\u00bb2&#8243; custom_padding_last_edited=\u00bbon|phone\u00bb _builder_version=\u00bb4.16&#8243; _module_preset=\u00bbdefault\u00bb background_color=\u00bb#FFFFFF\u00bb custom_margin=\u00bb-100px||||false|false\u00bb custom_padding=\u00bb140px|40px|40px|40px|false|true\u00bb custom_padding_tablet=\u00bb30px|30px|30px|30px|true|true\u00bb custom_padding_phone=\u00bb20px|20px|20px|20px|true|true\u00bb global_colors_info=\u00bb{}\u00bb][et_pb_column type=\u00bb1_4&#8243; _builder_version=\u00bb4.16&#8243; _module_preset=\u00bbdefault\u00bb global_colors_info=\u00bb{}\u00bb][et_pb_blurb title=\u00bbCon una sonrisa, la vida es\u00bb image=\u00bbhttps:\/\/jakzachowaczdrowie.pl\/wp-content\/uploads\/2025\/01\/usmiechniete.jpg\u00bb _builder_version=\u00bb4.27.4&#8243; _module_preset=\u00bbdefault\u00bb header_font=\u00bb|700|||||||\u00bb header_text_align=\u00bbcenter\u00bb header_text_color=\u00bb#666666&#8243; header_font_size=\u00bb14px\u00bb header_line_height=\u00bb1.2em\u00bb body_font=\u00bbVidaloka||||||||\u00bb body_text_align=\u00bbcenter\u00bb body_text_color=\u00bb#161616&#8243; body_font_size=\u00bb24px\u00bb body_line_height=\u00bb1.8em\u00bb body_font_size_tablet=\u00bb20px\u00bb body_font_size_phone=\u00bb18px\u00bb body_font_size_last_edited=\u00bbon|phone\u00bb global_colors_info=\u00bb{}\u00bb]<\/p>\n<p>m\u00e1s f\u00e1cil<\/p>\n<p>[\/et_pb_blurb][\/et_pb_column][et_pb_column type=\u00bb1_4&#8243; _builder_version=\u00bb4.16&#8243; _module_preset=\u00bbdefault\u00bb global_colors_info=\u00bb{}\u00bb][et_pb_blurb title=\u00bbMe gusta estar entre\u00bb image=\u00bbhttps:\/\/jakzachowaczdrowie.pl\/wp-content\/uploads\/2025\/01\/przyroda.jpg\u00bb _builder_version=\u00bb4.27.4&#8243; _module_preset=\u00bbdefault\u00bb header_font=\u00bb|700|||||||\u00bb header_text_align=\u00bbcenter\u00bb header_text_color=\u00bb#666666&#8243; header_font_size=\u00bb14px\u00bb header_line_height=\u00bb1.2em\u00bb body_font=\u00bbVidaloka||||||||\u00bb body_text_align=\u00bbcenter\u00bb body_text_color=\u00bb#161616&#8243; body_font_size=\u00bb24px\u00bb body_line_height=\u00bb1.8em\u00bb body_font_size_tablet=\u00bb20px\u00bb body_font_size_phone=\u00bb18px\u00bb body_font_size_last_edited=\u00bbon|phone\u00bb locked=\u00bboff\u00bb global_colors_info=\u00bb{}\u00bb]<\/p>\n<p>naturaleza<\/p>\n<p>[\/et_pb_blurb][\/et_pb_column][et_pb_column type=\u00bb1_4&#8243; _builder_version=\u00bb4.16&#8243; _module_preset=\u00bbdefault\u00bb global_colors_info=\u00bb{}\u00bb][et_pb_blurb title=\u00bbEscucho en todas partes\u00bb image=\u00bbhttps:\/\/jakzachowaczdrowie.pl\/wp-content\/uploads\/2025\/01\/moja-muzyka.jpg\u00bb _builder_version=\u00bb4.27.4&#8243; _module_preset=\u00bbdefault\u00bb header_font=\u00bb|700|||||||\u00bb header_text_align=\u00bbcenter\u00bb header_text_color=\u00bb#666666&#8243; header_font_size=\u00bb14px\u00bb header_line_height=\u00bb1.2em\u00bb body_font=\u00bbVidaloka||||||||\u00bb body_text_align=\u00bbcenter\u00bb body_text_color=\u00bb#161616&#8243; body_font_size=\u00bb24px\u00bb body_line_height=\u00bb1.8em\u00bb body_font_size_tablet=\u00bb20px\u00bb body_font_size_phone=\u00bb18px\u00bb body_font_size_last_edited=\u00bbon|phone\u00bb locked=\u00bboff\u00bb global_colors_info=\u00bb{}\u00bb]<\/p>\n<p>m\u00fasica<\/p>\n<p>[\/et_pb_blurb][\/et_pb_column][et_pb_column type=\u00bb1_4&#8243; _builder_version=\u00bb4.16&#8243; _module_preset=\u00bbdefault\u00bb global_colors_info=\u00bb{}\u00bb][et_pb_blurb title=\u00bbA veces miro la vida desde un punto de vista\u00bb image=\u00bbhttps:\/\/jakzachowaczdrowie.pl\/wp-content\/uploads\/2025\/01\/na-bali.png\u00bb _builder_version=\u00bb4.27.4&#8243; _module_preset=\u00bbdefault\u00bb header_font=\u00bb|700|||||||\u00bb header_text_align=\u00bbcenter\u00bb header_text_color=\u00bb#666666&#8243; header_font_size=\u00bb14px\u00bb header_line_height=\u00bb1.2em\u00bb body_font=\u00bbVidaloka||||||||\u00bb body_text_align=\u00bbcenter\u00bb body_text_color=\u00bb#161616&#8243; body_font_size=\u00bb24px\u00bb body_line_height=\u00bb1.8em\u00bb body_font_size_tablet=\u00bb20px\u00bb body_font_size_phone=\u00bb18px\u00bb body_font_size_last_edited=\u00bbon|phone\u00bb locked=\u00bboff\u00bb global_colors_info=\u00bb{}\u00bb]<\/p>\n<p>perspectivas<\/p>\n<p>[\/et_pb_blurb][\/et_pb_column][\/et_pb_row][\/et_pb_section][et_pb_section fb_built=\u00bb1&#8243; admin_label=\u00bbFooter\u00bb _builder_version=\u00bb4.16&#8243; _module_preset=\u00bbdefault\u00bb background_color=\u00bb#FFFFFF\u00bb custom_padding=\u00bb||0px|||\u00bb global_colors_info=\u00bb{}\u00bb][et_pb_row _builder_version=\u00bb4.16&#8243; _module_preset=\u00bbdefault\u00bb global_colors_info=\u00bb{}\u00bb][et_pb_column type=\u00bb4_4&#8243; _builder_version=\u00bb4.16&#8243; _module_preset=\u00bbdefault\u00bb global_colors_info=\u00bb{}\u00bb][et_pb_text _builder_version=\u00bb4.27.4&#8243; _module_preset=\u00bba18ce65f-9be7-4e23-bde2-4ef70bab3165&#8243; header_font=\u00bbVidaloka|||on|||||\u00bb header_text_align=\u00bbcenter\u00bb header_4_font=\u00bbVidaloka||||||||\u00bb header_4_text_color=\u00bb#161616&#8243; header_4_font_size=\u00bb24px\u00bb header_4_line_height=\u00bb1.5em\u00bb header_5_font=\u00bbVidaloka||||||||\u00bb header_5_text_align=\u00bbcenter\u00bb header_5_text_color=\u00bb#161616&#8243; header_5_font_size=\u00bb50px\u00bb header_5_line_height=\u00bb1.2em\u00bb custom_padding=\u00bb11px||||false|false\u00bb header_4_font_size_tablet=\u00bb20px\u00bb header_4_font_size_phone=\u00bb18px\u00bb header_4_font_size_last_edited=\u00bbon|phone\u00bb header_5_font_size_tablet=\u00bb35px\u00bb header_5_font_size_phone=\u00bb22px\u00bb header_5_font_size_last_edited=\u00bbon|desktop\u00bb border_color_all=\u00bbrgba(22,22,22,0.11)\u00bb border_width_top=\u00bb1px\u00bb border_width_bottom=\u00bb1px\u00bb locked=\u00bboff\u00bb global_colors_info=\u00bb{}\u00bb]<\/p>\n<h5>Ponte en contacto  <\/h5>\n<p>[\/et_pb_text][et_pb_menu menu_style=\u00bbcentered\u00bb dropdown_menu_line_color=\u00bb#161616&#8243; cart_icon_color=\u00bb#161616&#8243; search_icon_color=\u00bb#161616&#8243; menu_icon_color=\u00bb#161616&#8243; _builder_version=\u00bb4.16&#8243; _module_preset=\u00bbdefault\u00bb global_colors_info=\u00bb{}\u00bb][\/et_pb_menu][et_pb_social_media_follow icon_color=\u00bb#161616&#8243; _builder_version=\u00bb4.27.4&#8243; _module_preset=\u00bbdefault\u00bb text_orientation=\u00bbcenter\u00bb custom_margin_tablet=\u00bb-135px|0px||0px|false|false\u00bb custom_margin_phone=\u00bb-135px||||false|false\u00bb custom_margin_last_edited=\u00bboff|desktop\u00bb locked=\u00bboff\u00bb global_colors_info=\u00bb{}\u00bb][et_pb_social_media_follow_network social_network=\u00bbfacebook\u00bb url=\u00bbhttps:\/\/www.facebook.com\/katarzyna.pociej11&#8243; _builder_version=\u00bb4.27.4&#8243; _module_preset=\u00bbdefault\u00bb background_enable_color=\u00bboff\u00bb global_colors_info=\u00bb{}\u00bb follow_button=\u00bboff\u00bb url_new_window=\u00bbon\u00bb]facebook[\/et_pb_social_media_follow_network][et_pb_social_media_follow_network social_network=\u00bbtwitter\u00bb url=\u00bbhttps:\/\/x.com\/alfatonzdrowie\/\u00bb _builder_version=\u00bb4.27.4&#8243; _module_preset=\u00bbdefault\u00bb background_enable_color=\u00bboff\u00bb global_colors_info=\u00bb{}\u00bb follow_button=\u00bboff\u00bb url_new_window=\u00bbon\u00bb]twitter[\/et_pb_social_media_follow_network][et_pb_social_media_follow_network social_network=\u00bbinstagram\u00bb url=\u00bbhttps:\/\/www.instagram.com\/katarzynapociej\/\u00bb _builder_version=\u00bb4.27.4&#8243; _module_preset=\u00bbdefault\u00bb background_color=\u00bb#ea2c59&#8243; background_enable_color=\u00bboff\u00bb global_colors_info=\u00bb{}\u00bb follow_button=\u00bboff\u00bb url_new_window=\u00bbon\u00bb]instagram[\/et_pb_social_media_follow_network][et_pb_social_media_follow_network social_network=\u00bbyoutube\u00bb url=\u00bbhttps:\/\/youtube.com\/@katarzynapociej\u00bb _builder_version=\u00bb4.27.4&#8243; _module_preset=\u00bbdefault\u00bb background_color=\u00bb#a82400&#8243; background_enable_color=\u00bboff\u00bb global_colors_info=\u00bb{}\u00bb follow_button=\u00bboff\u00bb url_new_window=\u00bbon\u00bb]youtube[\/et_pb_social_media_follow_network][\/et_pb_social_media_follow][\/et_pb_column][\/et_pb_row][\/et_pb_section]<\/p>\n","protected":false},"excerpt":{"rendered":"<p>Sobre m\u00ed Me licenci\u00e9 en Geolog\u00eda con especializaci\u00f3n en Geoqu\u00edmica y Mineralog\u00eda. Llevo a\u00f1os trabajando con gr\u00e1ficos por ordenador y he realizado cursos relacionados con el dise\u00f1o web y gr\u00e1fico, incluido un curso de un a\u00f1o sobre gr\u00e1ficos por ordenador en una de las universidades t\u00e9cnicas de Polonia. Creo el sitio web del blog por [&hellip;]<\/p>\n","protected":false},"author":2,"featured_media":0,"parent":0,"menu_order":0,"comment_status":"closed","ping_status":"closed","template":"","meta":{"_et_pb_use_builder":"on","_et_pb_old_content":"","_et_gb_content_width":"","footnotes":""},"class_list":["post-2782","page","type-page","status-publish","hentry"],"_links":{"self":[{"href":"https:\/\/jakzachowaczdrowie.pl\/es\/wp-json\/wp\/v2\/pages\/2782","targetHints":{"allow":["GET"]}}],"collection":[{"href":"https:\/\/jakzachowaczdrowie.pl\/es\/wp-json\/wp\/v2\/pages"}],"about":[{"href":"https:\/\/jakzachowaczdrowie.pl\/es\/wp-json\/wp\/v2\/types\/page"}],"author":[{"embeddable":true,"href":"https:\/\/jakzachowaczdrowie.pl\/es\/wp-json\/wp\/v2\/users\/2"}],"replies":[{"embeddable":true,"href":"https:\/\/jakzachowaczdrowie.pl\/es\/wp-json\/wp\/v2\/comments?post=2782"}],"version-history":[{"count":12,"href":"https:\/\/jakzachowaczdrowie.pl\/es\/wp-json\/wp\/v2\/pages\/2782\/revisions"}],"predecessor-version":[{"id":2888,"href":"https:\/\/jakzachowaczdrowie.pl\/es\/wp-json\/wp\/v2\/pages\/2782\/revisions\/2888"}],"wp:attachment":[{"href":"https:\/\/jakzachowaczdrowie.pl\/es\/wp-json\/wp\/v2\/media?parent=2782"}],"curies":[{"name":"wp","href":"https:\/\/api.w.org\/{rel}","templated":true}]}}