{"id":2278,"date":"2025-01-28T03:13:34","date_gmt":"2025-01-28T03:13:34","guid":{"rendered":"https:\/\/jakzachowaczdrowie.pl\/blogger-home-page\/"},"modified":"2025-01-31T21:31:38","modified_gmt":"2025-01-31T21:31:38","slug":"blogger-home-page","status":"publish","type":"page","link":"https:\/\/jakzachowaczdrowie.pl\/es\/","title":{"rendered":"blogger-home-page"},"content":{"rendered":"<p>[et_pb_section fb_built=\u00bb1&#8243; admin_label=\u00bbHeader\u00bb _builder_version=\u00bb4.16&#8243; _module_preset=\u00bbdefault\u00bb background_color=\u00bb#fbf9f4&#8243; locked=\u00bboff\u00bb global_colors_info=\u00bb{}\u00bb][et_pb_row column_structure=\u00bb1_2,1_2&#8243; _builder_version=\u00bb4.16&#8243; _module_preset=\u00bbdefault\u00bb background_enable_image=\u00bboff\u00bb custom_padding=\u00bb||0px||false|false\u00bb global_colors_info=\u00bb{}\u00bb][et_pb_column type=\u00bb1_2&#8243; _builder_version=\u00bb4.16&#8243; _module_preset=\u00bbdefault\u00bb global_colors_info=\u00bb{}\u00bb][et_pb_text _builder_version=\u00bb4.27.4&#8243; _module_preset=\u00bbe598b17a-9229-42f6-b238-019d6094332e\u00bb header_font=\u00bbVidaloka||||||||\u00bb header_text_color=\u00bb#161616&#8243; header_font_size=\u00bb50px\u00bb custom_margin=\u00bb||30px||false|false\u00bb header_font_size_tablet=\u00bb40px\u00bb header_font_size_phone=\u00bb24px\u00bb header_font_size_last_edited=\u00bbon|desktop\u00bb locked=\u00bboff\u00bb global_colors_info=\u00bb{}\u00bb]<\/p>\n<h1>Me llamo Kasia.<\/h1>\n<h1>Bienvenido a mi blog<\/h1>\n<p>[\/et_pb_text][et_pb_button button_url=\u00bbhttps:\/\/jakzachowaczdrowie.pl\/category\/blog\/\u00bb button_text=\u00bbEntradas recientes\u00bb _builder_version=\u00bb4.27.4&#8243; _module_preset=\u00bb666ada86-67f2-4129-8a37-681b41ae2d46&#8243; custom_button=\u00bbon\u00bb button_text_size=\u00bb18px\u00bb button_text_color=\u00bb#161616&#8243; button_bg_color=\u00bb#E2C29D\u00bb button_border_width=\u00bb0px\u00bb button_border_radius=\u00bb0px\u00bb button_font=\u00bbVidaloka||||||||\u00bb custom_padding=\u00bb10px||10px||true|false\u00bb hover_enabled=\u00bb0&#8243; locked=\u00bboff\u00bb global_colors_info=\u00bb{}\u00bb sticky_enabled=\u00bb0&#8243;][\/et_pb_button][et_pb_image src=\u00bbhttps:\/\/jakzachowaczdrowie.pl\/wp-content\/uploads\/2024\/12\/462575048_461311216625917_6416219765375660762_n.jpg\u00bb title_text=\u00bb462575048_461311216625917_6416219765375660762_n\u00bb _builder_version=\u00bb4.27.4&#8243; _module_preset=\u00bbdefault\u00bb locked=\u00bboff\u00bb global_colors_info=\u00bb{}\u00bb][\/et_pb_image][\/et_pb_column][et_pb_column type=\u00bb1_2&#8243; _builder_version=\u00bb4.16&#8243; _module_preset=\u00bbdefault\u00bb custom_padding=\u00bb|||48px|false|false\u00bb global_colors_info=\u00bb{}\u00bb][et_pb_image src=\u00bbhttps:\/\/jakzachowaczdrowie.pl\/wp-content\/uploads\/2025\/01\/474838797_526353593157857_4371561441077577463_n.jpg\u00bb title_text=\u00bb474838797_526353593157857_4371561441077577463_n\u00bb _builder_version=\u00bb4.27.4&#8243; _module_preset=\u00bbdefault\u00bb custom_margin=\u00bb||0px||false|false\u00bb locked=\u00bboff\u00bb global_colors_info=\u00bb{}\u00bb][\/et_pb_image][et_pb_social_media_follow _builder_version=\u00bb4.27.4&#8243; _module_preset=\u00bbdefault\u00bb background_color=\u00bb#161616&#8243; positioning=\u00bbabsolute\u00bb text_orientation=\u00bbcenter\u00bb width=\u00bb48px\u00bb custom_margin_tablet=\u00bb-135px|0px||0px|false|false\u00bb custom_margin_phone=\u00bb-135px||||false|false\u00bb custom_margin_last_edited=\u00bboff|desktop\u00bb custom_padding=\u00bb8px|||8px|false|false\u00bb text_orientation_tablet=\u00bbcenter\u00bb text_orientation_last_edited=\u00bboff|tablet\u00bb custom_css_social_icon=\u00bbmargin-right: 8px;\u00bb locked=\u00bboff\u00bb global_colors_info=\u00bb{}\u00bb][et_pb_social_media_follow_network social_network=\u00bbfacebook\u00bb url=\u00bbhttps:\/\/www.facebook.com\/katarzyna.pociej11&#8243; _builder_version=\u00bb4.27.4&#8243; _module_preset=\u00bbdefault\u00bb background_enable_color=\u00bboff\u00bb global_colors_info=\u00bb{}\u00bb follow_button=\u00bboff\u00bb url_new_window=\u00bbon\u00bb]facebook[\/et_pb_social_media_follow_network][et_pb_social_media_follow_network social_network=\u00bbtwitter\u00bb url=\u00bbhttps:\/\/x.com\/alfatonzdrowie\/\u00bb _builder_version=\u00bb4.27.4&#8243; _module_preset=\u00bbdefault\u00bb background_enable_color=\u00bboff\u00bb global_colors_info=\u00bb{}\u00bb follow_button=\u00bboff\u00bb url_new_window=\u00bbon\u00bb]twitter[\/et_pb_social_media_follow_network][et_pb_social_media_follow_network social_network=\u00bbinstagram\u00bb url=\u00bbhttps:\/\/www.instagram.com\/katarzynapociej\/\u00bb _builder_version=\u00bb4.27.4&#8243; _module_preset=\u00bbdefault\u00bb background_color=\u00bbRGBA(0,0,0,0)\u00bb background_enable_color=\u00bbon\u00bb global_colors_info=\u00bb{}\u00bb follow_button=\u00bboff\u00bb url_new_window=\u00bbon\u00bb]instagram[\/et_pb_social_media_follow_network][et_pb_social_media_follow_network social_network=\u00bbyoutube\u00bb url=\u00bbhttps:\/\/youtube.com\/@katarzynapociej\u00bb _builder_version=\u00bb4.27.4&#8243; _module_preset=\u00bbdefault\u00bb background_color=\u00bbRGBA(0,0,0,0)\u00bb background_enable_color=\u00bbon\u00bb global_colors_info=\u00bb{}\u00bb follow_button=\u00bboff\u00bb url_new_window=\u00bbon\u00bb]youtube[\/et_pb_social_media_follow_network][\/et_pb_social_media_follow][et_pb_divider show_divider=\u00bboff\u00bb _builder_version=\u00bb4.27.4&#8243; _module_preset=\u00bbdefault\u00bb global_colors_info=\u00bb{}\u00bb][\/et_pb_divider][et_pb_text _builder_version=\u00bb4.27.4&#8243; _module_preset=\u00bbdefault\u00bb global_colors_info=\u00bb{}\u00bb]<\/p>\n<blockquote>\n<p><strong>El equilibrio no es algo que puedas encontrar, es algo que puedes crear<\/strong><\/p>\n<p><em>Jana Kingsford<\/em><\/p>\n<\/blockquote>\n<p>\u00bfPor qu\u00e9 se cre\u00f3 este blog?<br \/>Empec\u00e9 a escribirlo hace un par de a\u00f1os, cuando yo misma buscaba m\u00e9todos para hacer frente al estr\u00e9s y diversas formas naturales de mantenerme sana, lograr la armon\u00eda y aumentar la energ\u00eda y la vitalidad cada d\u00eda.<\/p>\n<p>Intent\u00e9 poner en pr\u00e1ctica ciertos m\u00e9todos y experimentarlos en m\u00ed misma, para ver c\u00f3mo me funcionaban. Me gustar\u00eda aprovechar esta oportunidad para compartir lo que ha surgido de la realizaci\u00f3n de mis pasiones e intereses: fotograf\u00edas, dise\u00f1os gr\u00e1ficos y dibujos.<\/p>\n<p><strong>Cuando perseguimos nuestras pasiones y sue\u00f1os, la vida se vuelve m\u00e1s interesante y plena<\/strong>.<\/p>\n<p>A veces, cuando empezamos a hacer algo que nos gusta, nos damos cuenta de que nos redescubrimos a nosotros mismos.<\/p>\n<p>[\/et_pb_text][et_pb_divider show_divider=\u00bboff\u00bb _builder_version=\u00bb4.27.4&#8243; _module_preset=\u00bbdefault\u00bb global_colors_info=\u00bb{}\u00bb][\/et_pb_divider][\/et_pb_column][\/et_pb_row][et_pb_row column_structure=\u00bb1_4,1_4,1_4,1_4&#8243; use_custom_gutter=\u00bbon\u00bb _builder_version=\u00bb4.16&#8243; _module_preset=\u00bbdefault\u00bb border_color_all=\u00bbrgba(22,22,22,0.11)\u00bb border_width_top=\u00bb1px\u00bb border_width_bottom=\u00bb1px\u00bb global_colors_info=\u00bb{}\u00bb][et_pb_column type=\u00bb1_4&#8243; _builder_version=\u00bb4.16&#8243; _module_preset=\u00bbdefault\u00bb global_colors_info=\u00bb{}\u00bb][et_pb_image src=\u00bbhttps:\/\/jakzachowaczdrowie.pl\/wp-content\/uploads\/2025\/01\/kolo-.png\u00bb title_text=\u00bbkolo-\u00bb _builder_version=\u00bb4.27.4&#8243; _module_preset=\u00bbdefault\u00bb global_colors_info=\u00bb{}\u00bb][\/et_pb_image][et_pb_text _builder_version=\u00bb4.27.4&#8243; _module_preset=\u00bbdefault\u00bb text_font=\u00bbVidaloka||||||||\u00bb global_colors_info=\u00bb{}\u00bb]<\/p>\n<h4 style=\"text-align: center;\">Estilo de vida<\/h4>\n<p>[\/et_pb_text][\/et_pb_column][et_pb_column type=\u00bb1_4&#8243; _builder_version=\u00bb4.16&#8243; _module_preset=\u00bbdefault\u00bb global_colors_info=\u00bb{}\u00bb][et_pb_image src=\u00bbhttps:\/\/jakzachowaczdrowie.pl\/wp-content\/uploads\/2025\/01\/kolo-most.png\u00bb title_text=\u00bbkolo-most\u00bb _builder_version=\u00bb4.27.4&#8243; _module_preset=\u00bbdefault\u00bb global_colors_info=\u00bb{}\u00bb][\/et_pb_image][et_pb_text _builder_version=\u00bb4.27.4&#8243; _module_preset=\u00bbdefault\u00bb text_font=\u00bbVidaloka||||||||\u00bb global_colors_info=\u00bb{}\u00bb]<\/p>\n<h4 style=\"text-align: center;\">Viaja a<\/h4>\n<p>[\/et_pb_text][\/et_pb_column][et_pb_column type=\u00bb1_4&#8243; _builder_version=\u00bb4.16&#8243; _module_preset=\u00bbdefault\u00bb global_colors_info=\u00bb{}\u00bb][et_pb_image src=\u00bbhttps:\/\/jakzachowaczdrowie.pl\/wp-content\/uploads\/2025\/01\/kolo-zdjecia.png\u00bb title_text=\u00bbkolo-zdjecia\u00bb _builder_version=\u00bb4.27.4&#8243; _module_preset=\u00bbdefault\u00bb global_colors_info=\u00bb{}\u00bb][\/et_pb_image][et_pb_text _builder_version=\u00bb4.27.4&#8243; _module_preset=\u00bbdefault\u00bb text_font=\u00bbVidaloka||||||||\u00bb global_colors_info=\u00bb{}\u00bb]<\/p>\n<h4 style=\"text-align: center;\">Fotograf\u00eda<\/h4>\n<p>[\/et_pb_text][\/et_pb_column][et_pb_column type=\u00bb1_4&#8243; _builder_version=\u00bb4.16&#8243; _module_preset=\u00bbdefault\u00bb global_colors_info=\u00bb{}\u00bb][et_pb_image src=\u00bbhttps:\/\/jakzachowaczdrowie.pl\/wp-content\/uploads\/2025\/01\/muzyka-kolo.png\u00bb title_text=\u00bbmuzyka-kolo\u00bb _builder_version=\u00bb4.27.4&#8243; _module_preset=\u00bbdefault\u00bb global_colors_info=\u00bb{}\u00bb][\/et_pb_image][et_pb_text _builder_version=\u00bb4.27.4&#8243; _module_preset=\u00bbdefault\u00bb text_font=\u00bbVidaloka||||||||\u00bb global_colors_info=\u00bb{}\u00bb]<\/p>\n<h4 style=\"text-align: center;\">M\u00fasica<\/h4>\n<p>[\/et_pb_text][\/et_pb_column][\/et_pb_row][\/et_pb_section][et_pb_section fb_built=\u00bb1&#8243; admin_label=\u00bbBlog\u00bb _builder_version=\u00bb4.16&#8243; _module_preset=\u00bbdefault\u00bb background_color=\u00bb#fbf9f4&#8243; global_colors_info=\u00bb{}\u00bb][et_pb_row _builder_version=\u00bb4.16&#8243; use_custom_width=\u00bbon\u00bb custom_width_px=\u00bb1280px\u00bb custom_width_px__hover=\u00bb1080px\u00bb custom_width_px__hover_enabled=\u00bb1080px\u00bb custom_width_percent__hover=\u00bb80%\u00bb custom_width_percent__hover_enabled=\u00bb80%\u00bb global_colors_info=\u00bb{}\u00bb make_fullwidth__hover=\u00bboff\u00bb make_fullwidth__hover_enabled=\u00bboff\u00bb use_custom_width__hover=\u00bboff\u00bb use_custom_width__hover_enabled=\u00bboff\u00bb width_unit__hover=\u00bbon\u00bb width_unit__hover_enabled=\u00bbon\u00bb][et_pb_column type=\u00bb4_4&#8243; _builder_version=\u00bb4.16&#8243; custom_padding=\u00bb|||\u00bb global_colors_info=\u00bb{}\u00bb custom_padding__hover=\u00bb|||\u00bb][et_pb_post_slider posts_number=\u00bb6&#8243; include_categories=\u00bball\u00bb use_manual_excerpt=\u00bboff\u00bb show_meta=\u00bboff\u00bb bg_overlay_color=\u00bbrgba(10,10,10,0.32)\u00bb use_text_overlay=\u00bbon\u00bb text_overlay_color=\u00bb#FFFFFF\u00bb text_border_radius=\u00bb0px\u00bb arrows_custom_color=\u00bb#E2C29D\u00bb dot_nav_custom_color=\u00bb#E2C29D\u00bb _builder_version=\u00bb4.27.4&#8243; _module_preset=\u00bbdefault\u00bb header_level=\u00bbh5&#8243; header_font=\u00bbVidaloka||||||||\u00bb header_font_size=\u00bb50px\u00bb header_line_height=\u00bb1.2em\u00bb body_line_height=\u00bb1.8em\u00bb meta_font=\u00bb|600|||||||\u00bb meta_text_color=\u00bb#E09900&#8243; meta_line_height=\u00bb1.4em\u00bb background_color=\u00bbRGBA(0,0,0,0)\u00bb custom_button=\u00bbon\u00bb button_text_size=\u00bb16px\u00bb button_text_color=\u00bb#161616&#8243; button_bg_color=\u00bb#e3e1dd\u00bb button_border_width=\u00bb0px\u00bb button_border_radius=\u00bb0px\u00bb button_font=\u00bbVidaloka||||||||\u00bb button_custom_padding=\u00bb10px|24px|10px|24px|true|true\u00bb background_layout=\u00bblight\u00bb custom_margin_tablet=\u00bb40px||40px||true|false\u00bb custom_margin_phone=\u00bb30px||30px||true|false\u00bb custom_margin_last_edited=\u00bboff|desktop\u00bb custom_padding=\u00bb12%||12%||true|false\u00bb auto=\u00bbon\u00bb header_font_size_tablet=\u00bb30px\u00bb header_font_size_phone=\u00bb18px\u00bb header_font_size_last_edited=\u00bbon|phone\u00bb body_font_size_tablet=\u00bb\u00bb body_font_size_phone=\u00bb13px\u00bb body_font_size_last_edited=\u00bbon|phone\u00bb button_text_size_tablet=\u00bb17px\u00bb button_text_size_phone=\u00bb16px\u00bb button_text_size_last_edited=\u00bbon|desktop\u00bb locked=\u00bboff\u00bb global_colors_info=\u00bb{}\u00bb][\/et_pb_post_slider][et_pb_blog fullwidth=\u00bboff\u00bb posts_number=\u00bb3&#8243; include_categories=\u00bball\u00bb show_more=\u00bbon\u00bb show_author=\u00bboff\u00bb show_pagination=\u00bboff\u00bb masonry_tile_background_color=\u00bb#FFFFFF\u00bb _builder_version=\u00bb4.27.4&#8243; _module_preset=\u00bbdefault\u00bb header_level=\u00bbh4&#8243; header_font=\u00bbVidaloka||||||||\u00bb header_text_color=\u00bb#161616&#8243; header_line_height=\u00bb1.4em\u00bb body_line_height=\u00bb1.8em\u00bb meta_font=\u00bb|600|||||||\u00bb meta_text_color=\u00bb#E2C29D\u00bb meta_font_size=\u00bb12px\u00bb meta_line_height=\u00bb1.8em\u00bb read_more_font=\u00bbVidaloka||||on||||\u00bb read_more_text_color=\u00bb#161616&#8243; read_more_font_size=\u00bb16px\u00bb read_more_line_height=\u00bb1.8em\u00bb custom_padding=\u00bb|||0px||\u00bb border_width_all=\u00bb0px\u00bb locked=\u00bboff\u00bb global_colors_info=\u00bb{}\u00bb][\/et_pb_blog][et_pb_button button_url=\u00bbhttps:\/\/jakzachowaczdrowie.pl\/category\/blog\/\u00bb button_text=\u00bbWi\u0119cej\u00bb button_alignment=\u00bbcenter\u00bb _builder_version=\u00bb4.27.4&#8243; _module_preset=\u00bbcefaa07f-9636-40fe-a939-2a0ccdc332c6&#8243; custom_button=\u00bbon\u00bb button_text_size=\u00bb18px\u00bb button_text_color=\u00bb#FFFFFF\u00bb button_bg_color=\u00bb#161616&#8243; button_border_width=\u00bb0px\u00bb button_border_radius=\u00bb0px\u00bb button_font=\u00bbVidaloka||||||||\u00bb custom_padding=\u00bb10px||10px||true|false\u00bb button_text_size_tablet=\u00bb17px\u00bb button_text_size_phone=\u00bb16px\u00bb button_text_size_last_edited=\u00bbon|desktop\u00bb locked=\u00bboff\u00bb global_colors_info=\u00bb{}\u00bb][\/et_pb_button][\/et_pb_column][\/et_pb_row][\/et_pb_section][et_pb_section fb_built=\u00bb1&#8243; admin_label=\u00bbFooter\u00bb _builder_version=\u00bb4.16&#8243; _module_preset=\u00bbdefault\u00bb background_color=\u00bb#FFFFFF\u00bb custom_padding=\u00bb||0px|||\u00bb global_colors_info=\u00bb{}\u00bb][et_pb_row column_structure=\u00bb1_4,1_2,1_4&#8243; _builder_version=\u00bb4.16&#8243; _module_preset=\u00bbdefault\u00bb global_colors_info=\u00bb{}\u00bb][et_pb_column type=\u00bb1_4&#8243; _builder_version=\u00bb4.16&#8243; _module_preset=\u00bbdefault\u00bb global_colors_info=\u00bb{}\u00bb][\/et_pb_column][et_pb_column type=\u00bb1_2&#8243; _builder_version=\u00bb4.16&#8243; _module_preset=\u00bbdefault\u00bb global_colors_info=\u00bb{}\u00bb][et_pb_text _builder_version=\u00bb4.27.4&#8243; _module_preset=\u00bba18ce65f-9be7-4e23-bde2-4ef70bab3165&#8243; header_font=\u00bbVidaloka|||on|||||\u00bb header_text_align=\u00bbcenter\u00bb header_4_font=\u00bbVidaloka||||||||\u00bb header_4_text_color=\u00bb#161616&#8243; header_4_font_size=\u00bb24px\u00bb header_4_line_height=\u00bb1.5em\u00bb header_5_font=\u00bbVidaloka||||||||\u00bb header_5_text_align=\u00bbcenter\u00bb header_5_text_color=\u00bb#161616&#8243; header_5_font_size=\u00bb50px\u00bb header_5_line_height=\u00bb1.2em\u00bb custom_padding=\u00bb11px||||false|false\u00bb header_4_font_size_tablet=\u00bb20px\u00bb header_4_font_size_phone=\u00bb18px\u00bb header_4_font_size_last_edited=\u00bbon|phone\u00bb header_5_font_size_tablet=\u00bb35px\u00bb header_5_font_size_phone=\u00bb22px\u00bb header_5_font_size_last_edited=\u00bbon|desktop\u00bb border_color_all=\u00bbrgba(22,22,22,0.11)\u00bb border_width_top=\u00bb1px\u00bb border_width_bottom=\u00bb1px\u00bb locked=\u00bboff\u00bb global_colors_info=\u00bb{}\u00bb]<\/p>\n<h5>Ponte en contacto<\/h5>\n<p>[\/et_pb_text][et_pb_menu menu_style=\u00bbcentered\u00bb dropdown_menu_line_color=\u00bb#161616&#8243; cart_icon_color=\u00bb#161616&#8243; search_icon_color=\u00bb#161616&#8243; menu_icon_color=\u00bb#161616&#8243; _builder_version=\u00bb4.16&#8243; _module_preset=\u00bbdefault\u00bb global_colors_info=\u00bb{}\u00bb][\/et_pb_menu][et_pb_contact_form email=\u00bbalfaton1kasia@gmail.com\u00bb success_message=\u00bbGracias por ponerse en contacto conmigo. Le responder\u00e9 lo antes posible.\u00bb _builder_version=\u00bb4.27.4&#8243; _module_preset=\u00bbdefault\u00bb _unique_id=\u00bb6c0f2261-4d1a-4ddb-9fd4-364908c4abe4&#8243; form_field_text_color=\u00bb#565656&#8243; background_color=\u00bb#FFFFFF\u00bb custom_button=\u00bbon\u00bb button_bg_color=\u00bb#e2c29d\u00bb global_colors_info=\u00bb{}\u00bb][et_pb_contact_field field_id=\u00bbName\u00bb field_title=\u00bbNombre\u00bb _builder_version=\u00bb4.27.4&#8243; global_colors_info=\u00bb{}\u00bb button_text_size__hover_enabled=\u00bboff\u00bb button_one_text_size__hover_enabled=\u00bboff\u00bb button_two_text_size__hover_enabled=\u00bboff\u00bb button_text_color__hover_enabled=\u00bboff\u00bb button_one_text_color__hover_enabled=\u00bboff\u00bb button_two_text_color__hover_enabled=\u00bboff\u00bb button_border_width__hover_enabled=\u00bboff\u00bb button_one_border_width__hover_enabled=\u00bboff\u00bb button_two_border_width__hover_enabled=\u00bboff\u00bb button_border_color__hover_enabled=\u00bboff\u00bb button_one_border_color__hover_enabled=\u00bboff\u00bb button_two_border_color__hover_enabled=\u00bboff\u00bb button_border_radius__hover_enabled=\u00bboff\u00bb button_one_border_radius__hover_enabled=\u00bboff\u00bb button_two_border_radius__hover_enabled=\u00bboff\u00bb button_letter_spacing__hover_enabled=\u00bboff\u00bb button_one_letter_spacing__hover_enabled=\u00bboff\u00bb button_two_letter_spacing__hover_enabled=\u00bboff\u00bb button_bg_color__hover_enabled=\u00bboff\u00bb button_one_bg_color__hover_enabled=\u00bboff\u00bb button_two_bg_color__hover_enabled=\u00bboff\u00bb][\/et_pb_contact_field][et_pb_contact_field field_id=\u00bbEmail\u00bb field_title=\u00bbE-mail\u00bb field_type=\u00bbemail\u00bb _builder_version=\u00bb4.27.4&#8243; global_colors_info=\u00bb{}\u00bb button_text_size__hover_enabled=\u00bboff\u00bb button_one_text_size__hover_enabled=\u00bboff\u00bb button_two_text_size__hover_enabled=\u00bboff\u00bb button_text_color__hover_enabled=\u00bboff\u00bb button_one_text_color__hover_enabled=\u00bboff\u00bb button_two_text_color__hover_enabled=\u00bboff\u00bb button_border_width__hover_enabled=\u00bboff\u00bb button_one_border_width__hover_enabled=\u00bboff\u00bb button_two_border_width__hover_enabled=\u00bboff\u00bb button_border_color__hover_enabled=\u00bboff\u00bb button_one_border_color__hover_enabled=\u00bboff\u00bb button_two_border_color__hover_enabled=\u00bboff\u00bb button_border_radius__hover_enabled=\u00bboff\u00bb button_one_border_radius__hover_enabled=\u00bboff\u00bb button_two_border_radius__hover_enabled=\u00bboff\u00bb button_letter_spacing__hover_enabled=\u00bboff\u00bb button_one_letter_spacing__hover_enabled=\u00bboff\u00bb button_two_letter_spacing__hover_enabled=\u00bboff\u00bb button_bg_color__hover_enabled=\u00bboff\u00bb button_one_bg_color__hover_enabled=\u00bboff\u00bb button_two_bg_color__hover_enabled=\u00bboff\u00bb][\/et_pb_contact_field][et_pb_contact_field field_id=\u00bbMessage\u00bb field_title=\u00bbMensaje\u00bb field_type=\u00bbtext\u00bb fullwidth_field=\u00bbon\u00bb _builder_version=\u00bb4.27.4&#8243; global_colors_info=\u00bb{}\u00bb button_text_size__hover_enabled=\u00bboff\u00bb button_one_text_size__hover_enabled=\u00bboff\u00bb button_two_text_size__hover_enabled=\u00bboff\u00bb button_text_color__hover_enabled=\u00bboff\u00bb button_one_text_color__hover_enabled=\u00bboff\u00bb button_two_text_color__hover_enabled=\u00bboff\u00bb button_border_width__hover_enabled=\u00bboff\u00bb button_one_border_width__hover_enabled=\u00bboff\u00bb button_two_border_width__hover_enabled=\u00bboff\u00bb button_border_color__hover_enabled=\u00bboff\u00bb button_one_border_color__hover_enabled=\u00bboff\u00bb button_two_border_color__hover_enabled=\u00bboff\u00bb button_border_radius__hover_enabled=\u00bboff\u00bb button_one_border_radius__hover_enabled=\u00bboff\u00bb button_two_border_radius__hover_enabled=\u00bboff\u00bb button_letter_spacing__hover_enabled=\u00bboff\u00bb button_one_letter_spacing__hover_enabled=\u00bboff\u00bb button_two_letter_spacing__hover_enabled=\u00bboff\u00bb button_bg_color__hover_enabled=\u00bboff\u00bb button_one_bg_color__hover_enabled=\u00bboff\u00bb button_two_bg_color__hover_enabled=\u00bboff\u00bb][\/et_pb_contact_field][\/et_pb_contact_form][et_pb_divider color=\u00bb#cecece\u00bb _builder_version=\u00bb4.27.4&#8243; _module_preset=\u00bbdefault\u00bb global_colors_info=\u00bb{}\u00bb][\/et_pb_divider][et_pb_social_media_follow icon_color=\u00bb#161616&#8243; _builder_version=\u00bb4.27.4&#8243; _module_preset=\u00bbdefault\u00bb text_orientation=\u00bbcenter\u00bb custom_margin_tablet=\u00bb-135px|0px||0px|false|false\u00bb custom_margin_phone=\u00bb-135px||||false|false\u00bb custom_margin_last_edited=\u00bboff|desktop\u00bb locked=\u00bboff\u00bb global_colors_info=\u00bb{}\u00bb][et_pb_social_media_follow_network social_network=\u00bbfacebook\u00bb url=\u00bbhttps:\/\/www.facebook.com\/katarzyna.pociej11&#8243; _builder_version=\u00bb4.27.4&#8243; _module_preset=\u00bbdefault\u00bb background_enable_color=\u00bboff\u00bb global_colors_info=\u00bb{}\u00bb follow_button=\u00bboff\u00bb url_new_window=\u00bbon\u00bb]facebook[\/et_pb_social_media_follow_network][et_pb_social_media_follow_network social_network=\u00bbtwitter\u00bb url=\u00bbhttps:\/\/x.com\/alfatonzdrowie\/\u00bb _builder_version=\u00bb4.27.4&#8243; _module_preset=\u00bbdefault\u00bb background_enable_color=\u00bboff\u00bb global_colors_info=\u00bb{}\u00bb follow_button=\u00bboff\u00bb url_new_window=\u00bbon\u00bb]twitter[\/et_pb_social_media_follow_network][et_pb_social_media_follow_network social_network=\u00bbinstagram\u00bb url=\u00bbhttps:\/\/www.instagram.com\/katarzynapociej\/\u00bb _builder_version=\u00bb4.27.4&#8243; _module_preset=\u00bbdefault\u00bb background_color=\u00bb#ea2c59&#8243; background_enable_color=\u00bboff\u00bb global_colors_info=\u00bb{}\u00bb follow_button=\u00bboff\u00bb url_new_window=\u00bbon\u00bb]instagram[\/et_pb_social_media_follow_network][et_pb_social_media_follow_network social_network=\u00bbyoutube\u00bb url=\u00bbhttps:\/\/youtube.com\/@katarzynapociej\u00bb _builder_version=\u00bb4.27.4&#8243; _module_preset=\u00bbdefault\u00bb background_color=\u00bb#a82400&#8243; background_enable_color=\u00bboff\u00bb global_colors_info=\u00bb{}\u00bb follow_button=\u00bboff\u00bb url_new_window=\u00bbon\u00bb]youtube[\/et_pb_social_media_follow_network][\/et_pb_social_media_follow][\/et_pb_column][et_pb_column type=\u00bb1_4&#8243; _builder_version=\u00bb4.16&#8243; _module_preset=\u00bbdefault\u00bb global_colors_info=\u00bb{}\u00bb][\/et_pb_column][\/et_pb_row][\/et_pb_section]<\/p>\n","protected":false},"excerpt":{"rendered":"<p>Me llamo Kasia. Bienvenido a mi blogEl equilibrio no es algo que puedas encontrar, es algo que puedes crear Jana Kingsford \u00bfPor qu\u00e9 se cre\u00f3 este blog?Empec\u00e9 a escribirlo hace un par de a\u00f1os, cuando yo misma buscaba m\u00e9todos para hacer frente al estr\u00e9s y diversas formas naturales de mantenerme sana, lograr la armon\u00eda y [&hellip;]<\/p>\n","protected":false},"author":2,"featured_media":0,"parent":0,"menu_order":0,"comment_status":"closed","ping_status":"closed","template":"","meta":{"_et_pb_use_builder":"on","_et_pb_old_content":"","_et_gb_content_width":"","footnotes":""},"class_list":["post-2278","page","type-page","status-publish","hentry"],"_links":{"self":[{"href":"https:\/\/jakzachowaczdrowie.pl\/es\/wp-json\/wp\/v2\/pages\/2278","targetHints":{"allow":["GET"]}}],"collection":[{"href":"https:\/\/jakzachowaczdrowie.pl\/es\/wp-json\/wp\/v2\/pages"}],"about":[{"href":"https:\/\/jakzachowaczdrowie.pl\/es\/wp-json\/wp\/v2\/types\/page"}],"author":[{"embeddable":true,"href":"https:\/\/jakzachowaczdrowie.pl\/es\/wp-json\/wp\/v2\/users\/2"}],"replies":[{"embeddable":true,"href":"https:\/\/jakzachowaczdrowie.pl\/es\/wp-json\/wp\/v2\/comments?post=2278"}],"version-history":[{"count":38,"href":"https:\/\/jakzachowaczdrowie.pl\/es\/wp-json\/wp\/v2\/pages\/2278\/revisions"}],"predecessor-version":[{"id":2909,"href":"https:\/\/jakzachowaczdrowie.pl\/es\/wp-json\/wp\/v2\/pages\/2278\/revisions\/2909"}],"wp:attachment":[{"href":"https:\/\/jakzachowaczdrowie.pl\/es\/wp-json\/wp\/v2\/media?parent=2278"}],"curies":[{"name":"wp","href":"https:\/\/api.w.org\/{rel}","templated":true}]}}